{"id":7541,"date":"2025-07-09T14:06:37","date_gmt":"2025-07-09T14:06:37","guid":{"rendered":"https:\/\/ungodlydev.wpenginepowered.com\/toutes-les-nouvelles\/"},"modified":"2025-08-13T15:11:51","modified_gmt":"2025-08-13T15:11:51","slug":"toutes-les-nouvelles","status":"publish","type":"page","link":"https:\/\/ungodlygame.com\/fr\/toutes-les-nouvelles\/","title":{"rendered":"Toutes les nouvelles"},"content":{"rendered":"","protected":false},"excerpt":{"rendered":"","protected":false},"author":6,"featured_media":0,"parent":0,"menu_order":0,"comment_status":"closed","ping_status":"closed","template":"","meta":{"_acf_changed":false,"inline_featured_image":false,"footnotes":"","_links_to":"","_links_to_target":""},"class_list":["post-7541","page","type-page","status-publish","hentry"],"acf":[],"yoast_head":"<!-- This site is optimized with the Yoast SEO plugin v26.4 - https:\/\/yoast.com\/wordpress\/plugins\/seo\/ -->\n<title>UnGodly News | Mises \u00e0 jour RPG pour Mobile et PC<\/title>\n<meta name=\"description\" content=\"Suivez les derni\u00e8res mises \u00e0 jour, bandes-annonces et r\u00e9v\u00e9lations d&#039;UnGodly. Restez \u00e0 l&#039;aff\u00fbt des nouvelles concernant le lancement de ce RPG collectionneur de h\u00e9ros multiplateforme.\" \/>\n<meta name=\"robots\" content=\"index, follow, max-snippet:-1, max-image-preview:large, max-video-preview:-1\" \/>\n<link rel=\"canonical\" href=\"https:\/\/ungodlygame.com\/fr\/toutes-les-nouvelles\/\" \/>\n<meta property=\"og:locale\" content=\"fr_FR\" \/>\n<meta property=\"og:type\" content=\"article\" \/>\n<meta property=\"og:title\" content=\"UnGodly News | Mises \u00e0 jour RPG pour Mobile et PC\" \/>\n<meta property=\"og:description\" content=\"Suivez les derni\u00e8res mises \u00e0 jour, bandes-annonces et r\u00e9v\u00e9lations d&#039;UnGodly. Restez \u00e0 l&#039;aff\u00fbt des nouvelles concernant le lancement de ce RPG collectionneur de h\u00e9ros multiplateforme.\" \/>\n<meta property=\"og:url\" content=\"https:\/\/ungodlygame.com\/fr\/toutes-les-nouvelles\/\" \/>\n<meta property=\"og:site_name\" content=\"Ungodly\" \/>\n<meta property=\"article:publisher\" content=\"https:\/\/www.threads.net\/@ungodlygame\" \/>\n<meta property=\"article:modified_time\" content=\"2025-08-13T15:11:51+00:00\" \/>\n<meta name=\"twitter:card\" content=\"summary_large_image\" \/>\n<script type=\"application\/ld+json\" class=\"yoast-schema-graph\">{\"@context\":\"https:\/\/schema.org\",\"@graph\":[{\"@type\":\"WebPage\",\"@id\":\"https:\/\/ungodlygame.com\/fr\/toutes-les-nouvelles\/\",\"url\":\"https:\/\/ungodlygame.com\/fr\/toutes-les-nouvelles\/\",\"name\":\"UnGodly News | Mises \u00e0 jour RPG pour Mobile et PC\",\"isPartOf\":{\"@id\":\"https:\/\/ungodlygame.com\/fr\/#website\"},\"datePublished\":\"2025-07-09T14:06:37+00:00\",\"dateModified\":\"2025-08-13T15:11:51+00:00\",\"description\":\"Suivez les derni\u00e8res mises \u00e0 jour, bandes-annonces et r\u00e9v\u00e9lations d'UnGodly. Restez \u00e0 l'aff\u00fbt des nouvelles concernant le lancement de ce RPG collectionneur de h\u00e9ros multiplateforme.\",\"breadcrumb\":{\"@id\":\"https:\/\/ungodlygame.com\/fr\/toutes-les-nouvelles\/#breadcrumb\"},\"inLanguage\":\"fr-FR\",\"potentialAction\":[{\"@type\":\"ReadAction\",\"target\":[\"https:\/\/ungodlygame.com\/fr\/toutes-les-nouvelles\/\"]}]},{\"@type\":\"BreadcrumbList\",\"@id\":\"https:\/\/ungodlygame.com\/fr\/toutes-les-nouvelles\/#breadcrumb\",\"itemListElement\":[{\"@type\":\"ListItem\",\"position\":1,\"name\":\"Home\",\"item\":\"https:\/\/ungodlygame.com\/fr\/page-daccueil-2\/\"},{\"@type\":\"ListItem\",\"position\":2,\"name\":\"Toutes les nouvelles\"}]},{\"@type\":\"WebSite\",\"@id\":\"https:\/\/ungodlygame.com\/fr\/#website\",\"url\":\"https:\/\/ungodlygame.com\/fr\/\",\"name\":\"Ungodly\",\"description\":\"\",\"publisher\":{\"@id\":\"https:\/\/ungodlygame.com\/fr\/#organization\"},\"potentialAction\":[{\"@type\":\"SearchAction\",\"target\":{\"@type\":\"EntryPoint\",\"urlTemplate\":\"https:\/\/ungodlygame.com\/fr\/?s={search_term_string}\"},\"query-input\":{\"@type\":\"PropertyValueSpecification\",\"valueRequired\":true,\"valueName\":\"search_term_string\"}}],\"inLanguage\":\"fr-FR\"},{\"@type\":\"Organization\",\"@id\":\"https:\/\/ungodlygame.com\/fr\/#organization\",\"name\":\"Azra Games\",\"url\":\"https:\/\/ungodlygame.com\/fr\/\",\"logo\":{\"@type\":\"ImageObject\",\"inLanguage\":\"fr-FR\",\"@id\":\"https:\/\/ungodlygame.com\/fr\/#\/schema\/logo\/image\/\",\"url\":\"https:\/\/ungodlygame.com\/wp-content\/uploads\/2025\/07\/UnGodly-logo-white.png\",\"contentUrl\":\"https:\/\/ungodlygame.com\/wp-content\/uploads\/2025\/07\/UnGodly-logo-white.png\",\"width\":1991,\"height\":363,\"caption\":\"Azra Games\"},\"image\":{\"@id\":\"https:\/\/ungodlygame.com\/fr\/#\/schema\/logo\/image\/\"},\"sameAs\":[\"https:\/\/www.threads.net\/@ungodlygame\",\"https:\/\/www.instagram.com\/ungodlygame\/\",\"https:\/\/discord.gg\/Dv8pwmBc\"]}]}<\/script>\n<!-- \/ Yoast SEO plugin. -->","yoast_head_json":{"title":"UnGodly News | Mises \u00e0 jour RPG pour Mobile et PC","description":"Suivez les derni\u00e8res mises \u00e0 jour, bandes-annonces et r\u00e9v\u00e9lations d'UnGodly. Restez \u00e0 l'aff\u00fbt des nouvelles concernant le lancement de ce RPG collectionneur de h\u00e9ros multiplateforme.","robots":{"index":"index","follow":"follow","max-snippet":"max-snippet:-1","max-image-preview":"max-image-preview:large","max-video-preview":"max-video-preview:-1"},"canonical":"https:\/\/ungodlygame.com\/fr\/toutes-les-nouvelles\/","og_locale":"fr_FR","og_type":"article","og_title":"UnGodly News | Mises \u00e0 jour RPG pour Mobile et PC","og_description":"Suivez les derni\u00e8res mises \u00e0 jour, bandes-annonces et r\u00e9v\u00e9lations d'UnGodly. Restez \u00e0 l'aff\u00fbt des nouvelles concernant le lancement de ce RPG collectionneur de h\u00e9ros multiplateforme.","og_url":"https:\/\/ungodlygame.com\/fr\/toutes-les-nouvelles\/","og_site_name":"Ungodly","article_publisher":"https:\/\/www.threads.net\/@ungodlygame","article_modified_time":"2025-08-13T15:11:51+00:00","twitter_card":"summary_large_image","schema":{"@context":"https:\/\/schema.org","@graph":[{"@type":"WebPage","@id":"https:\/\/ungodlygame.com\/fr\/toutes-les-nouvelles\/","url":"https:\/\/ungodlygame.com\/fr\/toutes-les-nouvelles\/","name":"UnGodly News | Mises \u00e0 jour RPG pour Mobile et PC","isPartOf":{"@id":"https:\/\/ungodlygame.com\/fr\/#website"},"datePublished":"2025-07-09T14:06:37+00:00","dateModified":"2025-08-13T15:11:51+00:00","description":"Suivez les derni\u00e8res mises \u00e0 jour, bandes-annonces et r\u00e9v\u00e9lations d'UnGodly. Restez \u00e0 l'aff\u00fbt des nouvelles concernant le lancement de ce RPG collectionneur de h\u00e9ros multiplateforme.","breadcrumb":{"@id":"https:\/\/ungodlygame.com\/fr\/toutes-les-nouvelles\/#breadcrumb"},"inLanguage":"fr-FR","potentialAction":[{"@type":"ReadAction","target":["https:\/\/ungodlygame.com\/fr\/toutes-les-nouvelles\/"]}]},{"@type":"BreadcrumbList","@id":"https:\/\/ungodlygame.com\/fr\/toutes-les-nouvelles\/#breadcrumb","itemListElement":[{"@type":"ListItem","position":1,"name":"Home","item":"https:\/\/ungodlygame.com\/fr\/page-daccueil-2\/"},{"@type":"ListItem","position":2,"name":"Toutes les nouvelles"}]},{"@type":"WebSite","@id":"https:\/\/ungodlygame.com\/fr\/#website","url":"https:\/\/ungodlygame.com\/fr\/","name":"Ungodly","description":"","publisher":{"@id":"https:\/\/ungodlygame.com\/fr\/#organization"},"potentialAction":[{"@type":"SearchAction","target":{"@type":"EntryPoint","urlTemplate":"https:\/\/ungodlygame.com\/fr\/?s={search_term_string}"},"query-input":{"@type":"PropertyValueSpecification","valueRequired":true,"valueName":"search_term_string"}}],"inLanguage":"fr-FR"},{"@type":"Organization","@id":"https:\/\/ungodlygame.com\/fr\/#organization","name":"Azra Games","url":"https:\/\/ungodlygame.com\/fr\/","logo":{"@type":"ImageObject","inLanguage":"fr-FR","@id":"https:\/\/ungodlygame.com\/fr\/#\/schema\/logo\/image\/","url":"https:\/\/ungodlygame.com\/wp-content\/uploads\/2025\/07\/UnGodly-logo-white.png","contentUrl":"https:\/\/ungodlygame.com\/wp-content\/uploads\/2025\/07\/UnGodly-logo-white.png","width":1991,"height":363,"caption":"Azra Games"},"image":{"@id":"https:\/\/ungodlygame.com\/fr\/#\/schema\/logo\/image\/"},"sameAs":["https:\/\/www.threads.net\/@ungodlygame","https:\/\/www.instagram.com\/ungodlygame\/","https:\/\/discord.gg\/Dv8pwmBc"]}]}},"_links":{"self":[{"href":"https:\/\/ungodlygame.com\/fr\/wp-json\/wp\/v2\/pages\/7541","targetHints":{"allow":["GET"]}}],"collection":[{"href":"https:\/\/ungodlygame.com\/fr\/wp-json\/wp\/v2\/pages"}],"about":[{"href":"https:\/\/ungodlygame.com\/fr\/wp-json\/wp\/v2\/types\/page"}],"author":[{"embeddable":true,"href":"https:\/\/ungodlygame.com\/fr\/wp-json\/wp\/v2\/users\/6"}],"replies":[{"embeddable":true,"href":"https:\/\/ungodlygame.com\/fr\/wp-json\/wp\/v2\/comments?post=7541"}],"version-history":[{"count":0,"href":"https:\/\/ungodlygame.com\/fr\/wp-json\/wp\/v2\/pages\/7541\/revisions"}],"wp:attachment":[{"href":"https:\/\/ungodlygame.com\/fr\/wp-json\/wp\/v2\/media?parent=7541"}],"curies":[{"name":"wp","href":"https:\/\/api.w.org\/{rel}","templated":true}]}}